{"id":5960,"date":"2021-04-18T00:32:13","date_gmt":"2021-04-17T22:32:13","guid":{"rendered":"https:\/\/www.serre-poncon-parapente.fr\/het-wings-of-the-lake-team\/"},"modified":"2023-04-12T17:23:32","modified_gmt":"2023-04-12T15:23:32","slug":"het-wings-of-the-lake-team","status":"publish","type":"page","link":"https:\/\/www.serre-poncon-parapente.fr\/de\/het-wings-of-the-lake-team\/","title":{"rendered":"Het Wings of the Lake-team"},"content":{"rendered":"<p><div class=\"fusion-fullwidth fullwidth-box fusion-builder-row-1 fusion-flex-container has-pattern-background has-mask-background fusion-parallax-none nonhundred-percent-fullwidth non-hundred-percent-height-scrolling\" style=\"--awb-background-blend-mode:overlay;--awb-border-radius-top-left:0px;--awb-border-radius-top-right:0px;--awb-border-radius-bottom-right:0px;--awb-border-radius-bottom-left:0px;--awb-padding-top:-4%;--awb-padding-right:8%;--awb-padding-bottom:;--awb-padding-left:8%;--awb-margin-top:-2%;--awb-margin-bottom:0px;--awb-min-height:60vh;--awb-background-color:rgba(0,0,0,0.28);--awb-background-image:url(&quot;https:\/\/www.serre-poncon-parapente.fr\/wp-content\/uploads\/2022\/05\/header-equipe.jpg&quot;);--awb-background-size:cover;\" ><div class=\"fusion-builder-row fusion-row fusion-flex-align-items-flex-start fusion-flex-align-content-center\" style=\"max-width:1228.5px;margin-left: calc(-5% \/ 2 );margin-right: calc(-5% \/ 2 );\"><div class=\"fusion-layout-column fusion_builder_column fusion-builder-column-0 fusion_builder_column_1_1 1_1 fusion-flex-column fusion-flex-align-self-flex-start\" style=\"--awb-padding-top:10%;--awb-bg-size:cover;--awb-width-large:100%;--awb-spacing-right-large:2.375%;--awb-spacing-left-large:2.375%;--awb-width-medium:100%;--awb-order-medium:0;--awb-spacing-right-medium:2.375%;--awb-spacing-left-medium:2.375%;--awb-width-small:100%;--awb-order-small:0;--awb-spacing-right-small:2.375%;--awb-spacing-left-small:2.375%;\"><div class=\"fusion-column-wrapper fusion-column-has-shadow fusion-flex-justify-content-flex-end fusion-content-layout-column\"><div class=\"fusion-title title fusion-title-1 fusion-sep-none fusion-title-center fusion-title-text fusion-title-size-one\" style=\"--awb-text-color:var(--awb-custom_color_1);--awb-margin-top:2%;--awb-font-size:48px;\"><h1 class=\"title-heading-center fusion-responsive-typography-calculated\" style=\"font-family:&quot;Strenuous&quot;;font-style:normal;font-weight:400;margin:0;font-size:1em;text-transform:uppercase;--fontSize:48;line-height:1.16;\">HET TEAM Ailes du Lac<\/p>\n<div class=\"title-sep-container title-sep-container-right\"><\/div><\/h1><\/div><\/div><\/div><div class=\"fusion-layout-column fusion_builder_column fusion-builder-column-1 fusion_builder_column_1_1 1_1 fusion-flex-column\" style=\"--awb-bg-size:cover;--awb-width-large:100%;--awb-spacing-right-large:2.375%;--awb-spacing-left-large:2.375%;--awb-width-medium:100%;--awb-order-medium:0;--awb-spacing-right-medium:2.375%;--awb-spacing-left-medium:2.375%;--awb-width-small:100%;--awb-order-small:0;--awb-spacing-right-small:2.375%;--awb-spacing-left-small:2.375%;\"><div class=\"fusion-column-wrapper fusion-column-has-shadow fusion-flex-justify-content-flex-start fusion-content-layout-column\"><div class=\"fusion-separator fusion-full-width-sep\" style=\"align-self: center;margin-left: auto;margin-right: auto;flex-grow:10;width:100%;\"><\/div><\/div><\/div><\/div><\/div><div class=\"fusion-fullwidth fullwidth-box fusion-builder-row-2 fusion-flex-container hundred-percent-fullwidth non-hundred-percent-height-scrolling\" style=\"--awb-border-radius-top-left:0px;--awb-border-radius-top-right:0px;--awb-border-radius-bottom-right:0px;--awb-border-radius-bottom-left:0px;--awb-padding-top:4%;--awb-padding-right:10%;--awb-padding-left:10%;--awb-padding-right-small:5%;--awb-padding-left-small:5%;--awb-background-color:var(--awb-color1);\" ><div class=\"fusion-builder-row fusion-row fusion-flex-align-items-flex-start fusion-flex-justify-content-center\" style=\"width:105% !important;max-width:105% !important;margin-left: calc(-5% \/ 2 );margin-right: calc(-5% \/ 2 );\"><div class=\"fusion-layout-column fusion_builder_column fusion-builder-column-2 fusion_builder_column_1_1 1_1 fusion-flex-column\" style=\"--awb-padding-top-medium:5%;--awb-padding-bottom-medium:5%;--awb-bg-size:cover;--awb-width-large:100%;--awb-spacing-right-large:2.375%;--awb-spacing-left-large:2.375%;--awb-width-medium:100%;--awb-order-medium:0;--awb-spacing-right-medium:2.375%;--awb-spacing-left-medium:2.375%;--awb-width-small:100%;--awb-order-small:0;--awb-spacing-right-small:2.375%;--awb-spacing-left-small:2.375%;\"><div class=\"fusion-column-wrapper fusion-column-has-shadow fusion-flex-justify-content-flex-start fusion-content-layout-column\"><div class=\"awb-image-hotspots awb-image-hotspots-1 hotspot\"><div class=\"awb-image-hotspots-wrapper\"><img decoding=\"async\" src=\"https:\/\/www.serre-poncon-parapente.fr\/wp-content\/uploads\/2023\/02\/IMG_20220821_1256347794.jpg\" alt=\"IMG_20220821_125634[7794]\" width=\"2000\" height=\"1307\" title=\"IMG_20220821_125634[7794]\" class=\"awb-image-hotspots-image wp-image-5816\" srcset=\"https:\/\/www.serre-poncon-parapente.fr\/wp-content\/uploads\/2023\/02\/IMG_20220821_1256347794-200x131.jpg 200w, https:\/\/www.serre-poncon-parapente.fr\/wp-content\/uploads\/2023\/02\/IMG_20220821_1256347794-400x261.jpg 400w, https:\/\/www.serre-poncon-parapente.fr\/wp-content\/uploads\/2023\/02\/IMG_20220821_1256347794-450x294.jpg 450w, https:\/\/www.serre-poncon-parapente.fr\/wp-content\/uploads\/2023\/02\/IMG_20220821_1256347794-600x392.jpg 600w, https:\/\/www.serre-poncon-parapente.fr\/wp-content\/uploads\/2023\/02\/IMG_20220821_1256347794-768x502.jpg 768w, https:\/\/www.serre-poncon-parapente.fr\/wp-content\/uploads\/2023\/02\/IMG_20220821_1256347794-800x523.jpg 800w, https:\/\/www.serre-poncon-parapente.fr\/wp-content\/uploads\/2023\/02\/IMG_20220821_1256347794-1200x784.jpg 1200w, https:\/\/www.serre-poncon-parapente.fr\/wp-content\/uploads\/2023\/02\/IMG_20220821_1256347794-1536x1004.jpg 1536w, https:\/\/www.serre-poncon-parapente.fr\/wp-content\/uploads\/2023\/02\/IMG_20220821_1256347794.jpg 2000w\" sizes=\"(max-width: 2000px) 100vw, 2000px\"\/><a style=\"--awb-hotspot-text-color:rgba(0,0,0,0);--awb-hotspot-background-color:rgba(255,255,255,0);--awb-hotspot-hover-background-color:rgba(226,226,226,0);--awb-padding-top:40px;--awb-padding-right:40px;--awb-padding-bottom:100px;--awb-padding-left:40px;--awb-pos-x:14.2%;--awb-pos-y:16.6%;\" class=\"awb-image-hotspots-hotspot awb-image-hotspots-hotspot-1 awb-image-hotspots-hotspot-anim-showing\" role=\"button\" tabindex=\"0\" data-awb-toggle-image-hotspot-popover=\"true\" data-title=\"Fran\u00e7ois Xavier\" data-content=\"R\u00e9gulateur d\u00e9collage, assistant d\u00e9collage\/chauffeur depuis 2012.\" data-trigger=\"hover focus\" data-placement=\"auto right\"> <\/a><a style=\"--awb-hotspot-text-color:rgba(0,0,0,0);--awb-hotspot-background-color:rgba(255,255,255,0);--awb-hotspot-hover-background-color:rgba(226,226,226,0);--awb-padding-top:40px;--awb-padding-right:40px;--awb-padding-bottom:100px;--awb-padding-left:40px;--awb-pos-x:25.6%;--awb-pos-y:16.6%;\" class=\"awb-image-hotspots-hotspot awb-image-hotspots-hotspot-2 awb-image-hotspots-hotspot-anim-showing\" role=\"button\" tabindex=\"0\" data-awb-toggle-image-hotspot-popover=\"true\" data-title=\"Thibault Foilleret\" data-content=\"Moniteur professionnel depuis: 2008\" data-trigger=\"hover focus\" data-placement=\"auto right\"> <\/a><a style=\"--awb-hotspot-text-color:rgba(0,0,0,0);--awb-hotspot-background-color:rgba(255,255,255,0);--awb-hotspot-hover-background-color:rgba(226,226,226,0);--awb-padding-top:40px;--awb-padding-right:40px;--awb-padding-bottom:100px;--awb-padding-left:40px;--awb-pos-x:36.4%;--awb-pos-y:16.6%;\" class=\"awb-image-hotspots-hotspot awb-image-hotspots-hotspot-3 awb-image-hotspots-hotspot-anim-showing\" role=\"button\" tabindex=\"0\" data-awb-toggle-image-hotspot-popover=\"true\" data-title=\"Mathieu Pichon\" data-content=\"Moniteur professionnel depuis: 2014\" data-trigger=\"hover focus\" data-placement=\"auto right\"> <\/a><a style=\"--awb-hotspot-text-color:rgba(0,0,0,0);--awb-hotspot-background-color:rgba(255,255,255,0);--awb-hotspot-hover-background-color:rgba(226,226,226,0);--awb-padding-top:40px;--awb-padding-right:40px;--awb-padding-bottom:100px;--awb-padding-left:40px;--awb-pos-x:45.1%;--awb-pos-y:16.6%;\" class=\"awb-image-hotspots-hotspot awb-image-hotspots-hotspot-4 awb-image-hotspots-hotspot-anim-showing\" role=\"button\" tabindex=\"0\" data-awb-toggle-image-hotspot-popover=\"true\" data-title=\"Bubulle\" data-content=\"Moniteur professionnel depuis: 2000\" data-trigger=\"hover focus\" data-placement=\"auto right\"> <\/a><a style=\"--awb-hotspot-text-color:rgba(0,0,0,0);--awb-hotspot-background-color:rgba(255,255,255,0);--awb-hotspot-hover-background-color:rgba(226,226,226,0);--awb-padding-top:40px;--awb-padding-right:40px;--awb-padding-bottom:100px;--awb-padding-left:40px;--awb-pos-x:52.9%;--awb-pos-y:16.6%;\" class=\"awb-image-hotspots-hotspot awb-image-hotspots-hotspot-5 awb-image-hotspots-hotspot-anim-showing\" role=\"button\" tabindex=\"0\" data-awb-toggle-image-hotspot-popover=\"true\" data-title=\"Denis Verch\u00e8re\" data-content=\"Moniteur professionnel depuis: 1998\" data-trigger=\"hover focus\" data-placement=\"auto right\"> <\/a><a style=\"--awb-hotspot-text-color:rgba(0,0,0,0);--awb-hotspot-background-color:rgba(255,255,255,0);--awb-hotspot-hover-background-color:rgba(226,226,226,0);--awb-padding-top:40px;--awb-padding-right:40px;--awb-padding-bottom:100px;--awb-padding-left:40px;--awb-pos-x:52.9%;--awb-pos-y:16.6%;\" class=\"awb-image-hotspots-hotspot awb-image-hotspots-hotspot-6 awb-image-hotspots-hotspot-anim-showing\" role=\"button\" tabindex=\"0\" data-awb-toggle-image-hotspot-popover=\"true\" data-title=\"Anais Gibert\" data-content=\"H\u00f4tesse d&#039;acceuil\/ secr\u00e9taire\ndepuis 2015\" data-trigger=\"hover focus\" data-placement=\"auto right\"> <\/a><a style=\"--awb-hotspot-text-color:rgba(0,0,0,0);--awb-hotspot-background-color:rgba(255,255,255,0);--awb-hotspot-hover-background-color:rgba(226,226,226,0);--awb-padding-top:40px;--awb-padding-right:40px;--awb-padding-bottom:100px;--awb-padding-left:40px;--awb-pos-x:61.6%;--awb-pos-y:16.6%;\" class=\"awb-image-hotspots-hotspot awb-image-hotspots-hotspot-7 awb-image-hotspots-hotspot-anim-showing\" role=\"button\" tabindex=\"0\" data-awb-toggle-image-hotspot-popover=\"true\" data-title=\"Denis Verch\u00e8re\" data-content=\"Moniteur professionnel depuis: 1998\" data-trigger=\"hover focus\" data-placement=\"auto right\"> <\/a><a style=\"--awb-hotspot-text-color:rgba(0,0,0,0);--awb-hotspot-background-color:rgba(255,255,255,0);--awb-hotspot-hover-background-color:rgba(226,226,226,0);--awb-padding-top:40px;--awb-padding-right:40px;--awb-padding-bottom:100px;--awb-padding-left:40px;--awb-pos-x:71.4%;--awb-pos-y:16.6%;\" class=\"awb-image-hotspots-hotspot awb-image-hotspots-hotspot-8 awb-image-hotspots-hotspot-anim-showing\" role=\"button\" tabindex=\"0\" data-awb-toggle-image-hotspot-popover=\"true\" data-title=\"Nelson Defreyman\" data-content=\"Moniteur professionnel depuis: 2014\" data-trigger=\"hover focus\" data-placement=\"auto left\"> <\/a><a style=\"--awb-hotspot-text-color:rgba(0,0,0,0);--awb-hotspot-background-color:rgba(255,255,255,0);--awb-hotspot-hover-background-color:rgba(226,226,226,0);--awb-padding-top:40px;--awb-padding-right:40px;--awb-padding-bottom:100px;--awb-padding-left:40px;--awb-pos-x:84.0%;--awb-pos-y:16.6%;\" class=\"awb-image-hotspots-hotspot awb-image-hotspots-hotspot-9 awb-image-hotspots-hotspot-anim-showing\" role=\"button\" tabindex=\"0\" data-awb-toggle-image-hotspot-popover=\"true\" data-title=\"Eric Morellet\" data-content=\"Moniteur professionnel depuis: 1988\" data-trigger=\"hover focus\" data-placement=\"auto right\"> <\/a><a style=\"--awb-hotspot-text-color:rgba(0,0,0,0);--awb-hotspot-background-color:rgba(255,255,255,0);--awb-hotspot-hover-background-color:rgba(226,226,226,0);--awb-padding-top:40px;--awb-padding-right:40px;--awb-padding-bottom:100px;--awb-padding-left:40px;--awb-pos-x:29.1%;--awb-pos-y:42.3%;\" class=\"awb-image-hotspots-hotspot awb-image-hotspots-hotspot-10 awb-image-hotspots-hotspot-anim-showing\" role=\"button\" tabindex=\"0\" data-awb-toggle-image-hotspot-popover=\"true\" data-title=\"Laurent Philip\" data-content=\"Moniteur professionnel depuis: 2005\" data-trigger=\"hover focus\" data-placement=\"auto left\"> <\/a><a style=\"--awb-hotspot-text-color:rgba(0,0,0,0);--awb-hotspot-background-color:rgba(255,255,255,0);--awb-hotspot-hover-background-color:rgba(226,226,226,0);--awb-padding-top:40px;--awb-padding-right:40px;--awb-padding-bottom:100px;--awb-padding-left:40px;--awb-pos-x:43.1%;--awb-pos-y:42.3%;\" class=\"awb-image-hotspots-hotspot awb-image-hotspots-hotspot-11 awb-image-hotspots-hotspot-anim-showing\" role=\"button\" tabindex=\"0\" data-awb-toggle-image-hotspot-popover=\"true\" data-title=\"Olivier Koskas\" data-content=\"Moniteur professionnel depuis: 2010\" data-trigger=\"hover focus\" data-placement=\"auto right\"> <\/a><a style=\"--awb-hotspot-text-color:rgba(0,0,0,0);--awb-hotspot-background-color:rgba(255,255,255,0);--awb-hotspot-hover-background-color:rgba(226,226,226,0);--awb-padding-top:40px;--awb-padding-right:40px;--awb-padding-bottom:100px;--awb-padding-left:40px;--awb-pos-x:56.7%;--awb-pos-y:42.3%;\" class=\"awb-image-hotspots-hotspot awb-image-hotspots-hotspot-12 awb-image-hotspots-hotspot-anim-showing\" role=\"button\" tabindex=\"0\" data-awb-toggle-image-hotspot-popover=\"true\" data-title=\"Fran\u00e7ois Ragolski\" data-content=\"Moniteur professionnel depuis: 2007\" data-trigger=\"hover focus\" data-placement=\"auto right\"> <\/a><a style=\"--awb-hotspot-text-color:rgba(0,0,0,0);--awb-hotspot-background-color:rgba(255,255,255,0);--awb-hotspot-hover-background-color:rgba(226,226,226,0);--awb-padding-top:40px;--awb-padding-right:40px;--awb-padding-bottom:100px;--awb-padding-left:40px;--awb-pos-x:71.3%;--awb-pos-y:42.3%;\" class=\"awb-image-hotspots-hotspot awb-image-hotspots-hotspot-13 awb-image-hotspots-hotspot-anim-showing\" role=\"button\" tabindex=\"0\" data-awb-toggle-image-hotspot-popover=\"true\" data-title=\"Jean-Fran\u00e7ois Chapuis\" data-content=\"Moniteur professionnel depuis: 2000\" data-trigger=\"hover focus\" data-placement=\"auto right\"> <\/a><a style=\"--awb-hotspot-text-color:rgba(0,0,0,0);--awb-hotspot-background-color:rgba(255,255,255,0);--awb-hotspot-hover-background-color:rgba(226,226,226,0);--awb-padding-top:40px;--awb-padding-right:40px;--awb-padding-bottom:100px;--awb-padding-left:40px;--awb-pos-x:87.8%;--awb-pos-y:48.6%;\" class=\"awb-image-hotspots-hotspot awb-image-hotspots-hotspot-14 awb-image-hotspots-hotspot-anim-showing\" role=\"button\" tabindex=\"0\" data-awb-toggle-image-hotspot-popover=\"true\" data-title=\"Antoine Chenault\" data-content=\"H\u00f4te d&#039;accueil depuis 2022\" data-trigger=\"hover focus\" data-placement=\"auto right\"> <\/a><\/div><\/div><\/div><\/div><\/div><\/div><\/p>\n","protected":false},"excerpt":{"rendered":"","protected":false},"author":1,"featured_media":0,"parent":0,"menu_order":0,"comment_status":"closed","ping_status":"closed","template":"100-width.php","meta":{"footnotes":""},"class_list":["post-5960","page","type-page","status-publish","hentry"],"_links":{"self":[{"href":"https:\/\/www.serre-poncon-parapente.fr\/de\/wp-json\/wp\/v2\/pages\/5960","targetHints":{"allow":["GET"]}}],"collection":[{"href":"https:\/\/www.serre-poncon-parapente.fr\/de\/wp-json\/wp\/v2\/pages"}],"about":[{"href":"https:\/\/www.serre-poncon-parapente.fr\/de\/wp-json\/wp\/v2\/types\/page"}],"author":[{"embeddable":true,"href":"https:\/\/www.serre-poncon-parapente.fr\/de\/wp-json\/wp\/v2\/users\/1"}],"replies":[{"embeddable":true,"href":"https:\/\/www.serre-poncon-parapente.fr\/de\/wp-json\/wp\/v2\/comments?post=5960"}],"version-history":[{"count":4,"href":"https:\/\/www.serre-poncon-parapente.fr\/de\/wp-json\/wp\/v2\/pages\/5960\/revisions"}],"predecessor-version":[{"id":7245,"href":"https:\/\/www.serre-poncon-parapente.fr\/de\/wp-json\/wp\/v2\/pages\/5960\/revisions\/7245"}],"wp:attachment":[{"href":"https:\/\/www.serre-poncon-parapente.fr\/de\/wp-json\/wp\/v2\/media?parent=5960"}],"curies":[{"name":"wp","href":"https:\/\/api.w.org\/{rel}","templated":true}]}}